{"id":17240,"date":"2019-07-10T17:19:21","date_gmt":"2019-07-10T15:19:21","guid":{"rendered":"https:\/\/dxstands.com\/?page_id=17240"},"modified":"2019-07-10T17:19:41","modified_gmt":"2019-07-10T15:19:41","slug":"politica-de-privacidad","status":"publish","type":"page","link":"https:\/\/dxstands.com\/es\/politica-de-privacidad\/","title":{"rendered":"Pol\u00edtica de Privacidad"},"content":{"rendered":"<p>[vc_row css_animation=\u00bb\u00bb row_type=\u00bbrow\u00bb use_row_as_full_screen_section=\u00bbno\u00bb type=\u00bbfull_width\u00bb angled_section=\u00bbno\u00bb text_align=\u00bbleft\u00bb background_image_as_pattern=\u00bbwithout_pattern\u00bb][vc_column][vc_column_text]<\/p>\n<h3>INTRODUCCI\u00d3<\/h3>\n<p><span class=\"empresa\">Dissenysxstands<\/span> \u00e9s una empresa que d&#8217;acord amb el que estableix el Reglament UE 2016\/679 del Parlament Europeu i del Consell de 27 d&#8217;abril de 2016, relatiu a la protecci\u00f3 de les persones f\u00edsiques pel que fa al tractament de les dades personals i a la lliure circulaci\u00f3 d&#8217;aquestes, ha desenvolupat procediments globals sobre l&#8217;\u00fas de la informaci\u00f3 per tal de garantir el respecte de la privacitat i la protecci\u00f3 de les dades dels usuaris. La nostra Pol\u00edtica de Privacitat exposa els procediments que aplica <span class=\"empresa\">Dissenysxstands<\/span> a la informaci\u00f3 enviada per Internet per al maneig de les dades de car\u00e0cter personal i no personal, i est\u00e0 elaborada d&#8217;acord amb les lleis i normatives aplicables a Espanya. Li preguem que llegeixi atentament aquesta Pol\u00edtica de Privacitat abans d&#8217;utilitzar la p\u00e0gina web de <span class=\"empresa\">Dissenysxstands<\/span>\u00a0(en endavant \u00abLloc\u00bb).<\/p>\n<h3>COM S&#8217;UTILITZA LA SEVA INFORMACI\u00d3?<\/h3>\n<p>no vendr\u00e0, llogar\u00e0, prestar\u00e0 ni cedir\u00e0 la seva informaci\u00f3 personal a tercers tret que vost\u00e8 ho autoritzi o <span class=\"empresa\">Dissenysxstands<\/span> estigui obligat a fer-ho per llei. no usar\u00e0 ni compartir\u00e0 la informaci\u00f3 personal que vost\u00e8 ens faciliti a trav\u00e9s d&#8217;Internet per a finalitats no relacionades amb les aqu\u00ed descrites. En el cas de requerir les seves dades per a altres fins, se li comunicar\u00e0 perqu\u00e8 pugui acceptar si aix\u00ed ho desitja. Nom\u00e9s compartirem la seva informaci\u00f3 personal amb entitats de <span class=\"empresa\">Dissenysxstands<\/span> (incloses empreses filials i associades) i \/ o amb col\u00b7laboradors que actu\u00efn en el nostre nom per subministrar el servei o la informaci\u00f3 que vost\u00e8 ha sol\u00b7licitat, aix\u00ed com per consolidar l&#8217;emmagatzematge de dades o per simplificar la gesti\u00f3 de les dades dels clients. Aquestes entitats i \/ o col\u00b7laboradors de <span class=\"empresa\">Dissenysxstands<\/span>\u00a0estan subjectes a la nostra Pol\u00edtica de Privacitat pel que fa a l&#8217;\u00fas de la informaci\u00f3 de car\u00e0cter personal, aix\u00ed com als acords de confidencialitat aplicables en cada cas.<\/p>\n<h3>QUINA INFORMACI\u00d3 RECOPILEM?<\/h3>\n<p><strong>Informaci\u00f3 no personal<\/strong><\/p>\n<p>En visitar el nostre Lloc, vost\u00e8 pot realitzar diverses operacions sense necessitat de facilitar-nos les seves dades personals. No obstant aix\u00f2, fem servir per a recopilar i reunir informaci\u00f3 sobre les p\u00e0gines visitades, l&#8217;ordre en qu\u00e8 han estat visitades i els enlla\u00e7os utilitzats, entre altres dades. Aquesta informaci\u00f3 no est\u00e0 relacionada amb cap dada d&#8217;identificaci\u00f3 personal. La informaci\u00f3 de car\u00e0cter no personal que recopilem ens ajuda a identificar les zones m\u00e9s visitades del nostre Lloc i a con\u00e8ixer l&#8217;efic\u00e0cia de les nostres activitats promocionals.<\/p>\n<p><strong>Informaci\u00f3 personal<\/strong><\/p>\n<p>En alguns espais del Lloc de <span class=\"empresa\">Dissenysxstands<\/span>, pot realitzar sol\u00b7licituds, expressar la seva opini\u00f3 o subscriure\u2019s a un dels nostres serveis a Internet. Les dades d&#8217;identificaci\u00f3 personals que es poden recopilar en aquestes p\u00e0gines poden ser del mateix tipus que les seg\u00fcents: nom, adre\u00e7a, adre\u00e7a de correu electr\u00f2nic, n\u00famero de tel\u00e8fon, n\u00famero de fax i informaci\u00f3 sobre la seva opini\u00f3 i \u00fas de diversos serveis. utilitza totes aquestes dades per a comprendre millor les seves necessitats i oferir-li un millor servei. Les dades personals contingudes en el formulari seran conservats per l&#8217;entitat per temps indefinit o pel temps establert per la normativa aplicable en cada cas. Amb la signatura de la present sol\u00b7licitud consent expressament la comunicaci\u00f3 de les seves dades per part de <span class=\"empresa\">Dissenysxstands<\/span>\u00a0amb entitats filials o associades, amb finalitats pr\u00f2pies de gesti\u00f3, aix\u00ed com per poder mantenir-lo informat de les novetats, activitats, projectes que duguin a terme. L&#8217;informem que no est\u00e0 prevista la realitzaci\u00f3 de transfer\u00e8ncies internacionals de dades.<\/p>\n<h3>PER QU\u00c8 RECOPILEM LA SEVA INFORMACI\u00d3 PERSONAL?<\/h3>\n<p><strong>LListes de correu<\/strong><\/p>\n<p>De vegades, <span class=\"empresa\">Dissenysxstands<\/span>\u00a0ofereix als visitants la possibilitat de facilitar la seva adre\u00e7a de correu electr\u00f2nic per tal de rebre un butllet\u00ed de not\u00edcies o informaci\u00f3 sobre un servei. Aquestes adreces de correu nom\u00e9s s&#8217;utilitzaran amb aquesta finalitat i mai es compartiran amb altres empreses llevat que vost\u00e8 aix\u00ed ho autoritzi.<\/p>\n<h3>COM PROTEGIM LA SEVA INFORMACI\u00d3?<\/h3>\n<p>Per impedir l&#8217;acc\u00e9s o la revelaci\u00f3 de dades no autoritzades, aix\u00ed com per mantenir la precisi\u00f3 de les dades i garantir un \u00fas adequat de la informaci\u00f3, hem emprat mitjans f\u00edsics, electr\u00f2nics i de gesti\u00f3 per a salvaguardar les dades que hem recopilat a trav\u00e9s d&#8217;Internet.<\/p>\n<h3>ACC\u00c9S A LA SEVA INFORMACI\u00d3.<\/h3>\n<p>Vost\u00e8 t\u00e9 el dret d&#8217;accedir a la seva informaci\u00f3 personal, rectificar i suprimir-la en qualsevol moment, aix\u00ed com t\u00e9 dret a oposar-se al tractament de les seves dades. Tamb\u00e9 t\u00e9 el dret de sol\u00b7licitar i obtenir una limitaci\u00f3 del tractament de les seves dades, aix\u00ed com de sol\u00b7licitar la portabilitat de les seves dades a un altre responsable. Per exercir aquests drets, poseu-vos en contacte amb nosaltres al formulari de contacte d&#8217;aquesta p\u00e0gina web.<\/p>\n<h3>LLOCS WEBS DE TERCERS<\/h3>\n<p>La nostra Pol\u00edtica de Privacitat nom\u00e9s s&#8217;aplica als espais del Lloc web controlats per <span class=\"empresa\">Dissenysxstands<\/span>, i els enlla\u00e7os a p\u00e0gines web de tercers nom\u00e9s es faciliten per a la seva comoditat. \u00c9s recomanable que consulti la pol\u00edtica de privacitat d&#8217;aquests llocs web abans de facilitar-los dades de car\u00e0cter personal. no ha revisat tots els llocs web de tercers, no t\u00e9 cap control sobre ells i declina tota responsabilitat pel que fa a aquests llocs, el seu contingut i les seves pol\u00edtiques de privacitat. Per aix\u00f2, <span class=\"empresa\">Dissenysxstands<\/span>\u00a0no aprova ni actua en representaci\u00f3 d&#8217;aquestes p\u00e0gines web ni de la informaci\u00f3, els productes o altres materials que puguin contenir.[\/vc_column_text][\/vc_column][\/vc_row][vc_row css_animation=\u00bb\u00bb row_type=\u00bbrow\u00bb use_row_as_full_screen_section=\u00bbno\u00bb type=\u00bbfull_width\u00bb angled_section=\u00bbno\u00bb text_align=\u00bbleft\u00bb background_image_as_pattern=\u00bbwithout_pattern\u00bb][vc_column][vc_empty_space height=\u00bb50px\u00bb][\/vc_column][\/vc_row]<\/p>\n","protected":false},"excerpt":{"rendered":"<p>[vc_row css_animation=\u00bb\u00bb row_type=\u00bbrow\u00bb use_row_as_full_screen_section=\u00bbno\u00bb type=\u00bbfull_width\u00bb angled_section=\u00bbno\u00bb text_align=\u00bbleft\u00bb background_image_as_pattern=\u00bbwithout_pattern\u00bb][vc_column][vc_column_text] INTRODUCCI\u00d3 Dissenysxstands \u00e9s una empresa que d&#8217;acord amb el que estableix el Reglament UE 2016\/679 del Parlament Europeu i del Consell de 27 d&#8217;abril de 2016, relatiu a la protecci\u00f3 de les persones f\u00edsiques pel que fa&#8230;<\/p>\n","protected":false},"author":1,"featured_media":0,"parent":0,"menu_order":0,"comment_status":"closed","ping_status":"closed","template":"","meta":[],"yoast_head":"<!-- This site is optimized with the Yoast SEO plugin v19.7.1 - https:\/\/yoast.com\/wordpress\/plugins\/seo\/ -->\n<title>Pol\u00edtica de Privacidad - Dissenysxstands<\/title>\n<meta name=\"robots\" content=\"index, follow, max-snippet:-1, max-image-preview:large, max-video-preview:-1\" \/>\n<link rel=\"canonical\" href=\"https:\/\/dxstands.com\/es\/politica-de-privacidad\/\" \/>\n<meta property=\"og:locale\" content=\"es_ES\" \/>\n<meta property=\"og:type\" content=\"article\" \/>\n<meta property=\"og:title\" content=\"Pol\u00edtica de Privacidad - Dissenysxstands\" \/>\n<meta property=\"og:description\" content=\"[vc_row css_animation=\u00bb\u00bb row_type=\u00bbrow\u00bb use_row_as_full_screen_section=\u00bbno\u00bb type=\u00bbfull_width\u00bb angled_section=\u00bbno\u00bb text_align=\u00bbleft\u00bb background_image_as_pattern=\u00bbwithout_pattern\u00bb][vc_column][vc_column_text] INTRODUCCI\u00d3 Dissenysxstands \u00e9s una empresa que d&#8217;acord amb el que estableix el Reglament UE 2016\/679 del Parlament Europeu i del Consell de 27 d&#8217;abril de 2016, relatiu a la protecci\u00f3 de les persones f\u00edsiques pel que fa...\" \/>\n<meta property=\"og:url\" content=\"https:\/\/dxstands.com\/es\/politica-de-privacidad\/\" \/>\n<meta property=\"og:site_name\" content=\"Dissenysxstands\" \/>\n<meta property=\"article:modified_time\" content=\"2019-07-10T15:19:41+00:00\" \/>\n<meta name=\"twitter:card\" content=\"summary_large_image\" \/>\n<meta name=\"twitter:label1\" content=\"Tiempo de lectura\" \/>\n\t<meta name=\"twitter:data1\" content=\"5 minutos\" \/>\n<script type=\"application\/ld+json\" class=\"yoast-schema-graph\">{\"@context\":\"https:\/\/schema.org\",\"@graph\":[{\"@type\":\"WebPage\",\"@id\":\"https:\/\/dxstands.com\/es\/politica-de-privacidad\/\",\"url\":\"https:\/\/dxstands.com\/es\/politica-de-privacidad\/\",\"name\":\"Pol\u00edtica de Privacidad - Dissenysxstands\",\"isPartOf\":{\"@id\":\"https:\/\/dxstands.com\/#website\"},\"datePublished\":\"2019-07-10T15:19:21+00:00\",\"dateModified\":\"2019-07-10T15:19:41+00:00\",\"breadcrumb\":{\"@id\":\"https:\/\/dxstands.com\/es\/politica-de-privacidad\/#breadcrumb\"},\"inLanguage\":\"es\",\"potentialAction\":[{\"@type\":\"ReadAction\",\"target\":[\"https:\/\/dxstands.com\/es\/politica-de-privacidad\/\"]}]},{\"@type\":\"BreadcrumbList\",\"@id\":\"https:\/\/dxstands.com\/es\/politica-de-privacidad\/#breadcrumb\",\"itemListElement\":[{\"@type\":\"ListItem\",\"position\":1,\"name\":\"Portada\",\"item\":\"https:\/\/dxstands.com\/es\/\"},{\"@type\":\"ListItem\",\"position\":2,\"name\":\"Pol\u00edtica de Privacidad\"}]},{\"@type\":\"WebSite\",\"@id\":\"https:\/\/dxstands.com\/#website\",\"url\":\"https:\/\/dxstands.com\/\",\"name\":\"Dissenysxstands\",\"description\":\"\",\"publisher\":{\"@id\":\"https:\/\/dxstands.com\/#organization\"},\"potentialAction\":[{\"@type\":\"SearchAction\",\"target\":{\"@type\":\"EntryPoint\",\"urlTemplate\":\"https:\/\/dxstands.com\/?s={search_term_string}\"},\"query-input\":\"required name=search_term_string\"}],\"inLanguage\":\"es\"},{\"@type\":\"Organization\",\"@id\":\"https:\/\/dxstands.com\/#organization\",\"name\":\"Disseny x Stands\",\"url\":\"https:\/\/dxstands.com\/\",\"sameAs\":[],\"logo\":{\"@type\":\"ImageObject\",\"inLanguage\":\"es\",\"@id\":\"https:\/\/dxstands.com\/#\/schema\/logo\/image\/\",\"url\":\"https:\/\/dxstands.com\/wp-content\/uploads\/2019\/06\/Logos-DxS-VilaVinil-transparent-GRAN.png\",\"contentUrl\":\"https:\/\/dxstands.com\/wp-content\/uploads\/2019\/06\/Logos-DxS-VilaVinil-transparent-GRAN.png\",\"width\":2551,\"height\":864,\"caption\":\"Disseny x Stands\"},\"image\":{\"@id\":\"https:\/\/dxstands.com\/#\/schema\/logo\/image\/\"}}]}<\/script>\n<!-- \/ Yoast SEO plugin. -->","yoast_head_json":{"title":"Pol\u00edtica de Privacidad - Dissenysxstands","robots":{"index":"index","follow":"follow","max-snippet":"max-snippet:-1","max-image-preview":"max-image-preview:large","max-video-preview":"max-video-preview:-1"},"canonical":"https:\/\/dxstands.com\/es\/politica-de-privacidad\/","og_locale":"es_ES","og_type":"article","og_title":"Pol\u00edtica de Privacidad - Dissenysxstands","og_description":"[vc_row css_animation=\u00bb\u00bb row_type=\u00bbrow\u00bb use_row_as_full_screen_section=\u00bbno\u00bb type=\u00bbfull_width\u00bb angled_section=\u00bbno\u00bb text_align=\u00bbleft\u00bb background_image_as_pattern=\u00bbwithout_pattern\u00bb][vc_column][vc_column_text] INTRODUCCI\u00d3 Dissenysxstands \u00e9s una empresa que d&#8217;acord amb el que estableix el Reglament UE 2016\/679 del Parlament Europeu i del Consell de 27 d&#8217;abril de 2016, relatiu a la protecci\u00f3 de les persones f\u00edsiques pel que fa...","og_url":"https:\/\/dxstands.com\/es\/politica-de-privacidad\/","og_site_name":"Dissenysxstands","article_modified_time":"2019-07-10T15:19:41+00:00","twitter_card":"summary_large_image","twitter_misc":{"Tiempo de lectura":"5 minutos"},"schema":{"@context":"https:\/\/schema.org","@graph":[{"@type":"WebPage","@id":"https:\/\/dxstands.com\/es\/politica-de-privacidad\/","url":"https:\/\/dxstands.com\/es\/politica-de-privacidad\/","name":"Pol\u00edtica de Privacidad - Dissenysxstands","isPartOf":{"@id":"https:\/\/dxstands.com\/#website"},"datePublished":"2019-07-10T15:19:21+00:00","dateModified":"2019-07-10T15:19:41+00:00","breadcrumb":{"@id":"https:\/\/dxstands.com\/es\/politica-de-privacidad\/#breadcrumb"},"inLanguage":"es","potentialAction":[{"@type":"ReadAction","target":["https:\/\/dxstands.com\/es\/politica-de-privacidad\/"]}]},{"@type":"BreadcrumbList","@id":"https:\/\/dxstands.com\/es\/politica-de-privacidad\/#breadcrumb","itemListElement":[{"@type":"ListItem","position":1,"name":"Portada","item":"https:\/\/dxstands.com\/es\/"},{"@type":"ListItem","position":2,"name":"Pol\u00edtica de Privacidad"}]},{"@type":"WebSite","@id":"https:\/\/dxstands.com\/#website","url":"https:\/\/dxstands.com\/","name":"Dissenysxstands","description":"","publisher":{"@id":"https:\/\/dxstands.com\/#organization"},"potentialAction":[{"@type":"SearchAction","target":{"@type":"EntryPoint","urlTemplate":"https:\/\/dxstands.com\/?s={search_term_string}"},"query-input":"required name=search_term_string"}],"inLanguage":"es"},{"@type":"Organization","@id":"https:\/\/dxstands.com\/#organization","name":"Disseny x Stands","url":"https:\/\/dxstands.com\/","sameAs":[],"logo":{"@type":"ImageObject","inLanguage":"es","@id":"https:\/\/dxstands.com\/#\/schema\/logo\/image\/","url":"https:\/\/dxstands.com\/wp-content\/uploads\/2019\/06\/Logos-DxS-VilaVinil-transparent-GRAN.png","contentUrl":"https:\/\/dxstands.com\/wp-content\/uploads\/2019\/06\/Logos-DxS-VilaVinil-transparent-GRAN.png","width":2551,"height":864,"caption":"Disseny x Stands"},"image":{"@id":"https:\/\/dxstands.com\/#\/schema\/logo\/image\/"}}]}},"_links":{"self":[{"href":"https:\/\/dxstands.com\/es\/wp-json\/wp\/v2\/pages\/17240"}],"collection":[{"href":"https:\/\/dxstands.com\/es\/wp-json\/wp\/v2\/pages"}],"about":[{"href":"https:\/\/dxstands.com\/es\/wp-json\/wp\/v2\/types\/page"}],"author":[{"embeddable":true,"href":"https:\/\/dxstands.com\/es\/wp-json\/wp\/v2\/users\/1"}],"replies":[{"embeddable":true,"href":"https:\/\/dxstands.com\/es\/wp-json\/wp\/v2\/comments?post=17240"}],"version-history":[{"count":2,"href":"https:\/\/dxstands.com\/es\/wp-json\/wp\/v2\/pages\/17240\/revisions"}],"predecessor-version":[{"id":17242,"href":"https:\/\/dxstands.com\/es\/wp-json\/wp\/v2\/pages\/17240\/revisions\/17242"}],"wp:attachment":[{"href":"https:\/\/dxstands.com\/es\/wp-json\/wp\/v2\/media?parent=17240"}],"curies":[{"name":"wp","href":"https:\/\/api.w.org\/{rel}","templated":true}]}}