{"id":17243,"date":"2016-07-13T14:26:04","date_gmt":"2016-07-13T14:26:04","guid":{"rendered":"https:\/\/dxstands.com\/?page_id=17243"},"modified":"2019-07-31T16:57:14","modified_gmt":"2019-07-31T14:57:14","slug":"qui-som","status":"publish","type":"page","link":"https:\/\/dxstands.com\/es\/qui-som\/","title":{"rendered":"Qui\u00e9nes somos"},"content":{"rendered":"<p>[vc_row css_animation=\u00bb\u00bb row_type=\u00bbrow\u00bb use_row_as_full_screen_section=\u00bbno\u00bb type=\u00bbfull_width\u00bb angled_section=\u00bbno\u00bb text_align=\u00bbleft\u00bb background_image_as_pattern=\u00bbwithout_pattern\u00bb z_index=\u00bb\u00bb][vc_column width=\u00bb1\/12&#8243;][\/vc_column][vc_column width=\u00bb5\/12&#8243;][vc_empty_space height=\u00bb70px\u00bb][vc_column_text]El Estudio Disseny x Stands se fund\u00f3 el Junio de 2005 despu\u00e9s de trabajar por algunas de las empresas del sector y naturalmente aprender mucho de ellas; esto nos sirvi\u00f3 para coger la experiencia necesaria para poder emprender un nuevo proyecto.[\/vc_column_text][vc_empty_space height=\u00bb16px\u00bb][vc_column_text]La ganas de tirar hacia delante y el compromiso de nuestros clientes, nos han permitido estar siempre activos (incluso en los duros momentos de la crisis econ\u00f3mica), trabajando con ellos y aportando nuestro granito de arena para hacer, que su proyecto, sea un \u00e9xito.[\/vc_column_text][vc_empty_space height=\u00bb16px\u00bb][vc_column_text]En 2018, arranc\u00f3 el proyecto local de Vila Vinil, dando servicio a particulares, clubs, empresas, etc&#8230; de merchandising publicitario, ofreciendo un amplio cat\u00e1logo y sobretodo sacando trabajo a nuestros clientes cuando se proponen asistir a una Feria, acto promocional o abrir una tienda.[\/vc_column_text][vc_empty_space height=\u00bb16px\u00bb][vc_column_text]\u00bfQuieres saber m\u00e1s de nosotros? Envia un mail a\u00a0<a href=\"mailto:info@dxstands.com\">info@dxstands.com<\/a>[\/vc_column_text][vc_empty_space height=\u00bb30px\u00bb][\/vc_column][vc_column width=\u00bb5\/12&#8243;][vc_empty_space height=\u00bb70px\u00bb][vc_single_image image=\u00bb15858&#8243; img_size=\u00bbfull\u00bb qode_css_animation=\u00bb\u00bb][\/vc_column][vc_column width=\u00bb1\/12&#8243;][\/vc_column][\/vc_row]<\/p>\n","protected":false},"excerpt":{"rendered":"<p>[vc_row css_animation=\u00bb\u00bb row_type=\u00bbrow\u00bb use_row_as_full_screen_section=\u00bbno\u00bb type=\u00bbfull_width\u00bb angled_section=\u00bbno\u00bb text_align=\u00bbleft\u00bb background_image_as_pattern=\u00bbwithout_pattern\u00bb z_index=\u00bb\u00bb][vc_column width=\u00bb1\/12&#8243;][\/vc_column][vc_column width=\u00bb5\/12&#8243;][vc_empty_space height=\u00bb70px\u00bb][vc_column_text]El Estudio Disseny x Stands se fund\u00f3 el Junio de 2005 despu\u00e9s de trabajar por algunas de las empresas del sector y naturalmente aprender mucho de ellas; esto nos sirvi\u00f3 para coger la experiencia&#8230;<\/p>\n","protected":false},"author":1,"featured_media":0,"parent":0,"menu_order":0,"comment_status":"closed","ping_status":"closed","template":"","meta":[],"yoast_head":"<!-- This site is optimized with the Yoast SEO plugin v19.7.1 - https:\/\/yoast.com\/wordpress\/plugins\/seo\/ -->\n<title>Qui\u00e9nes somos - Dissenysxstands<\/title>\n<meta name=\"robots\" content=\"index, follow, max-snippet:-1, max-image-preview:large, max-video-preview:-1\" \/>\n<link rel=\"canonical\" href=\"https:\/\/dxstands.com\/es\/qui-som\/\" \/>\n<meta property=\"og:locale\" content=\"es_ES\" \/>\n<meta property=\"og:type\" content=\"article\" \/>\n<meta property=\"og:title\" content=\"Qui\u00e9nes somos - Dissenysxstands\" \/>\n<meta property=\"og:description\" content=\"[vc_row css_animation=\u00bb\u00bb row_type=\u00bbrow\u00bb use_row_as_full_screen_section=\u00bbno\u00bb type=\u00bbfull_width\u00bb angled_section=\u00bbno\u00bb text_align=\u00bbleft\u00bb background_image_as_pattern=\u00bbwithout_pattern\u00bb z_index=\u00bb\u00bb][vc_column width=\u00bb1\/12&#8243;][\/vc_column][vc_column width=\u00bb5\/12&#8243;][vc_empty_space height=\u00bb70px\u00bb][vc_column_text]El Estudio Disseny x Stands se fund\u00f3 el Junio de 2005 despu\u00e9s de trabajar por algunas de las empresas del sector y naturalmente aprender mucho de ellas; esto nos sirvi\u00f3 para coger la experiencia...\" \/>\n<meta property=\"og:url\" content=\"https:\/\/dxstands.com\/es\/qui-som\/\" \/>\n<meta property=\"og:site_name\" content=\"Dissenysxstands\" \/>\n<meta property=\"article:modified_time\" content=\"2019-07-31T14:57:14+00:00\" \/>\n<meta name=\"twitter:card\" content=\"summary_large_image\" \/>\n<meta name=\"twitter:label1\" content=\"Tiempo de lectura\" \/>\n\t<meta name=\"twitter:data1\" content=\"1 minuto\" \/>\n<script type=\"application\/ld+json\" class=\"yoast-schema-graph\">{\"@context\":\"https:\/\/schema.org\",\"@graph\":[{\"@type\":\"WebPage\",\"@id\":\"https:\/\/dxstands.com\/es\/qui-som\/\",\"url\":\"https:\/\/dxstands.com\/es\/qui-som\/\",\"name\":\"Qui\u00e9nes somos - Dissenysxstands\",\"isPartOf\":{\"@id\":\"https:\/\/dxstands.com\/#website\"},\"datePublished\":\"2016-07-13T14:26:04+00:00\",\"dateModified\":\"2019-07-31T14:57:14+00:00\",\"breadcrumb\":{\"@id\":\"https:\/\/dxstands.com\/es\/qui-som\/#breadcrumb\"},\"inLanguage\":\"es\",\"potentialAction\":[{\"@type\":\"ReadAction\",\"target\":[\"https:\/\/dxstands.com\/es\/qui-som\/\"]}]},{\"@type\":\"BreadcrumbList\",\"@id\":\"https:\/\/dxstands.com\/es\/qui-som\/#breadcrumb\",\"itemListElement\":[{\"@type\":\"ListItem\",\"position\":1,\"name\":\"Portada\",\"item\":\"https:\/\/dxstands.com\/es\/\"},{\"@type\":\"ListItem\",\"position\":2,\"name\":\"Qui\u00e9nes somos\"}]},{\"@type\":\"WebSite\",\"@id\":\"https:\/\/dxstands.com\/#website\",\"url\":\"https:\/\/dxstands.com\/\",\"name\":\"Dissenysxstands\",\"description\":\"\",\"publisher\":{\"@id\":\"https:\/\/dxstands.com\/#organization\"},\"potentialAction\":[{\"@type\":\"SearchAction\",\"target\":{\"@type\":\"EntryPoint\",\"urlTemplate\":\"https:\/\/dxstands.com\/?s={search_term_string}\"},\"query-input\":\"required name=search_term_string\"}],\"inLanguage\":\"es\"},{\"@type\":\"Organization\",\"@id\":\"https:\/\/dxstands.com\/#organization\",\"name\":\"Disseny x Stands\",\"url\":\"https:\/\/dxstands.com\/\",\"sameAs\":[],\"logo\":{\"@type\":\"ImageObject\",\"inLanguage\":\"es\",\"@id\":\"https:\/\/dxstands.com\/#\/schema\/logo\/image\/\",\"url\":\"https:\/\/dxstands.com\/wp-content\/uploads\/2019\/06\/Logos-DxS-VilaVinil-transparent-GRAN.png\",\"contentUrl\":\"https:\/\/dxstands.com\/wp-content\/uploads\/2019\/06\/Logos-DxS-VilaVinil-transparent-GRAN.png\",\"width\":2551,\"height\":864,\"caption\":\"Disseny x Stands\"},\"image\":{\"@id\":\"https:\/\/dxstands.com\/#\/schema\/logo\/image\/\"}}]}<\/script>\n<!-- \/ Yoast SEO plugin. -->","yoast_head_json":{"title":"Qui\u00e9nes somos - Dissenysxstands","robots":{"index":"index","follow":"follow","max-snippet":"max-snippet:-1","max-image-preview":"max-image-preview:large","max-video-preview":"max-video-preview:-1"},"canonical":"https:\/\/dxstands.com\/es\/qui-som\/","og_locale":"es_ES","og_type":"article","og_title":"Qui\u00e9nes somos - Dissenysxstands","og_description":"[vc_row css_animation=\u00bb\u00bb row_type=\u00bbrow\u00bb use_row_as_full_screen_section=\u00bbno\u00bb type=\u00bbfull_width\u00bb angled_section=\u00bbno\u00bb text_align=\u00bbleft\u00bb background_image_as_pattern=\u00bbwithout_pattern\u00bb z_index=\u00bb\u00bb][vc_column width=\u00bb1\/12&#8243;][\/vc_column][vc_column width=\u00bb5\/12&#8243;][vc_empty_space height=\u00bb70px\u00bb][vc_column_text]El Estudio Disseny x Stands se fund\u00f3 el Junio de 2005 despu\u00e9s de trabajar por algunas de las empresas del sector y naturalmente aprender mucho de ellas; esto nos sirvi\u00f3 para coger la experiencia...","og_url":"https:\/\/dxstands.com\/es\/qui-som\/","og_site_name":"Dissenysxstands","article_modified_time":"2019-07-31T14:57:14+00:00","twitter_card":"summary_large_image","twitter_misc":{"Tiempo de lectura":"1 minuto"},"schema":{"@context":"https:\/\/schema.org","@graph":[{"@type":"WebPage","@id":"https:\/\/dxstands.com\/es\/qui-som\/","url":"https:\/\/dxstands.com\/es\/qui-som\/","name":"Qui\u00e9nes somos - Dissenysxstands","isPartOf":{"@id":"https:\/\/dxstands.com\/#website"},"datePublished":"2016-07-13T14:26:04+00:00","dateModified":"2019-07-31T14:57:14+00:00","breadcrumb":{"@id":"https:\/\/dxstands.com\/es\/qui-som\/#breadcrumb"},"inLanguage":"es","potentialAction":[{"@type":"ReadAction","target":["https:\/\/dxstands.com\/es\/qui-som\/"]}]},{"@type":"BreadcrumbList","@id":"https:\/\/dxstands.com\/es\/qui-som\/#breadcrumb","itemListElement":[{"@type":"ListItem","position":1,"name":"Portada","item":"https:\/\/dxstands.com\/es\/"},{"@type":"ListItem","position":2,"name":"Qui\u00e9nes somos"}]},{"@type":"WebSite","@id":"https:\/\/dxstands.com\/#website","url":"https:\/\/dxstands.com\/","name":"Dissenysxstands","description":"","publisher":{"@id":"https:\/\/dxstands.com\/#organization"},"potentialAction":[{"@type":"SearchAction","target":{"@type":"EntryPoint","urlTemplate":"https:\/\/dxstands.com\/?s={search_term_string}"},"query-input":"required name=search_term_string"}],"inLanguage":"es"},{"@type":"Organization","@id":"https:\/\/dxstands.com\/#organization","name":"Disseny x Stands","url":"https:\/\/dxstands.com\/","sameAs":[],"logo":{"@type":"ImageObject","inLanguage":"es","@id":"https:\/\/dxstands.com\/#\/schema\/logo\/image\/","url":"https:\/\/dxstands.com\/wp-content\/uploads\/2019\/06\/Logos-DxS-VilaVinil-transparent-GRAN.png","contentUrl":"https:\/\/dxstands.com\/wp-content\/uploads\/2019\/06\/Logos-DxS-VilaVinil-transparent-GRAN.png","width":2551,"height":864,"caption":"Disseny x Stands"},"image":{"@id":"https:\/\/dxstands.com\/#\/schema\/logo\/image\/"}}]}},"_links":{"self":[{"href":"https:\/\/dxstands.com\/es\/wp-json\/wp\/v2\/pages\/17243"}],"collection":[{"href":"https:\/\/dxstands.com\/es\/wp-json\/wp\/v2\/pages"}],"about":[{"href":"https:\/\/dxstands.com\/es\/wp-json\/wp\/v2\/types\/page"}],"author":[{"embeddable":true,"href":"https:\/\/dxstands.com\/es\/wp-json\/wp\/v2\/users\/1"}],"replies":[{"embeddable":true,"href":"https:\/\/dxstands.com\/es\/wp-json\/wp\/v2\/comments?post=17243"}],"version-history":[{"count":7,"href":"https:\/\/dxstands.com\/es\/wp-json\/wp\/v2\/pages\/17243\/revisions"}],"predecessor-version":[{"id":17297,"href":"https:\/\/dxstands.com\/es\/wp-json\/wp\/v2\/pages\/17243\/revisions\/17297"}],"wp:attachment":[{"href":"https:\/\/dxstands.com\/es\/wp-json\/wp\/v2\/media?parent=17243"}],"curies":[{"name":"wp","href":"https:\/\/api.w.org\/{rel}","templated":true}]}}