{"id":17246,"date":"2019-04-16T13:37:42","date_gmt":"2019-04-16T11:37:42","guid":{"rendered":"https:\/\/dxstands.com\/?page_id=17246"},"modified":"2019-07-31T17:03:39","modified_gmt":"2019-07-31T15:03:39","slug":"serveis","status":"publish","type":"page","link":"https:\/\/dxstands.com\/es\/serveis\/","title":{"rendered":"Servicios"},"content":{"rendered":"<p>[vc_row css_animation=\u00bb\u00bb row_type=\u00bbrow\u00bb use_row_as_full_screen_section=\u00bbno\u00bb type=\u00bbfull_width\u00bb angled_section=\u00bbno\u00bb text_align=\u00bbleft\u00bb background_image_as_pattern=\u00bbwithout_pattern\u00bb][vc_column width=\u00bb1\/6&#8243;][\/vc_column][vc_column width=\u00bb1\/4&#8243;][vc_empty_space height=\u00bb70px\u00bb][vc_single_image image=\u00bb15943&#8243; img_size=\u00bbfull\u00bb qode_css_animation=\u00bb\u00bb][\/vc_column][vc_column width=\u00bb5\/12&#8243;][vc_empty_space height=\u00bb70px\u00bb][vc_column_text]<\/p>\n<h2>Dise\u00f1o y construcci\u00f3n de stands<\/h2>\n<p>[\/vc_column_text][vc_empty_space height=\u00bb14px\u00bb][vc_column_text]\u00bfQuieres asistir a una Feria del sector y no sabes por donde empezar? Des de 2005 a Disseny x Stands llevamos a clientes como t\u00fa por ferias Nacionales como Internacionales.[\/vc_column_text][vc_empty_space height=\u00bb9px\u00bb][vc_column_text]Explica cuales son las necesidades y nosotros escucharemos, aconsejaremos, haremos el dise\u00f1o y la producci\u00f3n de todo, para que vosotros solo os dediqu\u00e9is a vuestro producto.[\/vc_column_text][vc_empty_space height=\u00bb9px\u00bb][vc_column_text]Disponemos de un numero muy alto de proveedores que har\u00e1n de vuestro stand un \u00e9xito comercial.[\/vc_column_text][vc_empty_space height=\u00bb60px\u00bb][\/vc_column][vc_column width=\u00bb1\/6&#8243;][\/vc_column][\/vc_row][vc_row css_animation=\u00bb\u00bb row_type=\u00bbrow\u00bb use_row_as_full_screen_section=\u00bbno\u00bb type=\u00bbfull_width\u00bb angled_section=\u00bbno\u00bb text_align=\u00bbleft\u00bb background_image_as_pattern=\u00bbwithout_pattern\u00bb][vc_column width=\u00bb1\/6&#8243;][\/vc_column][vc_column width=\u00bb5\/12&#8243;][vc_column_text]<\/p>\n<h2>Interiorismo<\/h2>\n<p>[\/vc_column_text][vc_empty_space height=\u00bb14px\u00bb][vc_column_text]Di que te gustar\u00eda mejorar de tu negocio, nosotros lo estudiaremos y le daremos forma, medidas y materiales para llevar el proyecto a buen puerto.[\/vc_column_text][vc_empty_space height=\u00bb9px\u00bb][vc_column_text]Oficinas, locales comerciales, viviendas&#8230; t\u00fa propones el reto! Nosotros ta damos una soluci\u00f3n.[\/vc_column_text][vc_empty_space height=\u00bb40px\u00bb][\/vc_column][vc_column width=\u00bb1\/4&#8243;][vc_single_image image=\u00bb15732&#8243; img_size=\u00bbfull\u00bb qode_css_animation=\u00bb\u00bb][vc_empty_space height=\u00bb60px\u00bb][\/vc_column][vc_column width=\u00bb1\/6&#8243;][\/vc_column][\/vc_row][vc_row css_animation=\u00bb\u00bb row_type=\u00bbrow\u00bb use_row_as_full_screen_section=\u00bbno\u00bb type=\u00bbfull_width\u00bb angled_section=\u00bbno\u00bb text_align=\u00bbleft\u00bb background_image_as_pattern=\u00bbwithout_pattern\u00bb][vc_column width=\u00bb1\/6&#8243;][\/vc_column][vc_column width=\u00bb1\/4&#8243;][vc_single_image image=\u00bb15714&#8243; img_size=\u00bbfull\u00bb qode_css_animation=\u00bb\u00bb][vc_empty_space height=\u00bb60px\u00bb][\/vc_column][vc_column width=\u00bb5\/12&#8243;][vc_column_text]<\/p>\n<h2>Vinilos<\/h2>\n<p>[\/vc_column_text][vc_empty_space height=\u00bb14px\u00bb][vc_column_text]T\u00fa nos das el vector y nosotros te producimos y colocamos el vinilo donde quieras. Tenemos un amplio catalogo de vinilos, vinilos textiles, vinilos impresos, etc&#8230;[\/vc_column_text][vc_empty_space height=\u00bb9px\u00bb][vc_column_text]Sino tienes el vector pero si la idea, nos los dices y nosotros haremos el resto.[\/vc_column_text][vc_empty_space height=\u00bb40px\u00bb][\/vc_column][vc_column width=\u00bb1\/6&#8243;][\/vc_column][\/vc_row][vc_row css_animation=\u00bb\u00bb row_type=\u00bbrow\u00bb use_row_as_full_screen_section=\u00bbno\u00bb type=\u00bbfull_width\u00bb angled_section=\u00bbno\u00bb text_align=\u00bbleft\u00bb background_image_as_pattern=\u00bbwithout_pattern\u00bb][vc_column width=\u00bb1\/6&#8243;][\/vc_column][vc_column width=\u00bb5\/12&#8243;][vc_column_text]<\/p>\n<h2>Merchandising<\/h2>\n<p>[\/vc_column_text][vc_empty_space height=\u00bb14px\u00bb][vc_column_text]Que mejor que asistir a una Feria o abrir una nueva tienda con un buen detalle para los clientes. Disponemos de un amplio cat\u00e1logo con todo tipo de productos para promocionar el negocio. Des de la estampaci\u00f3n de todo tipo de ropa como armillas reflectantes hasta el gravado en l\u00e1ser del bol\u00edgrafo, pasando por el USB, botellas de agua, carpetas, bolsas de papel, etc&#8230;[\/vc_column_text][vc_empty_space height=\u00bb40px\u00bb][\/vc_column][vc_column width=\u00bb1\/4&#8243;][vc_single_image image=\u00bb26&#8243; img_size=\u00bbfull\u00bb qode_css_animation=\u00bb\u00bb][vc_empty_space height=\u00bb60px\u00bb][\/vc_column][vc_column width=\u00bb1\/6&#8243;][\/vc_column][\/vc_row][vc_row css_animation=\u00bb\u00bb row_type=\u00bbrow\u00bb use_row_as_full_screen_section=\u00bbno\u00bb type=\u00bbfull_width\u00bb angled_section=\u00bbno\u00bb text_align=\u00bbleft\u00bb background_image_as_pattern=\u00bbwithout_pattern\u00bb][vc_column width=\u00bb1\/6&#8243;][\/vc_column][vc_column width=\u00bb2\/3&#8243;][vc_column_text]<\/p>\n<h2>Han confiado en nosotros<\/h2>\n<p>[\/vc_column_text][vc_empty_space height=\u00bb20px\u00bb]<div class=\"qode-advanced-image-gallery  qode-aig-grid-type qode-small-space  qode-image-behavior-custom-link \">\n\t<div class=\"qode-aig-inner qode-outer-space qode-aig-grid qode-aig-six-columns\">\n\t\t\t\t\t<div class=\"qode-aig-image qode-item-space\">\n\t\t\t\t<div class=\"qode-aig-image-inner\">\n\t\t\t\t\t\t\t\t\t\t\t<a itemprop=\"url\" class=\"qode-aig-custom-link\" href=\"https:\/\/www.comotex.es\/\" target=\"_blank\" title=\"logos_comotex\">\n\t\t\t\t\t\t\t\t\t\t\t<img src=\"https:\/\/dxstands.com\/wp-content\/uploads\/2019\/04\/logos_comotex-200x127.png\" alt=\"\" width=\"200\" height=\"127\" \/>\t\t\t\t\t\t<span class=\"aig-gallery-hover\">\n\t\t\t\t\t\t\t\t\t\t\t\t\t<\/span>\n\t\t\t\t\t\t\t\t\t\t\t<\/a>\n\t\t\t\t\t\t\t\t\t<\/div>\n\t\t\t<\/div>\n\t\t\t\t\t<div class=\"qode-aig-image qode-item-space\">\n\t\t\t\t<div class=\"qode-aig-image-inner\">\n\t\t\t\t\t\t\t\t\t\t\t<a itemprop=\"url\" class=\"qode-aig-custom-link\" href=\"https:\/\/www.milan.es\/es\/\" target=\"_blank\" title=\"logos_factis\">\n\t\t\t\t\t\t\t\t\t\t\t<img src=\"https:\/\/dxstands.com\/wp-content\/uploads\/2019\/04\/logos_factis-200x127.png\" alt=\"\" width=\"200\" height=\"127\" \/>\t\t\t\t\t\t<span class=\"aig-gallery-hover\">\n\t\t\t\t\t\t\t\t\t\t\t\t\t<\/span>\n\t\t\t\t\t\t\t\t\t\t\t<\/a>\n\t\t\t\t\t\t\t\t\t<\/div>\n\t\t\t<\/div>\n\t\t\t\t\t<div class=\"qode-aig-image qode-item-space\">\n\t\t\t\t<div class=\"qode-aig-image-inner\">\n\t\t\t\t\t\t\t\t\t\t\t<a itemprop=\"url\" class=\"qode-aig-custom-link\" href=\"https:\/\/www.milan.es\/es\/\" target=\"_blank\" title=\"logos_milan\">\n\t\t\t\t\t\t\t\t\t\t\t<img src=\"https:\/\/dxstands.com\/wp-content\/uploads\/2019\/04\/logos_milan-200x127.png\" alt=\"\" width=\"200\" height=\"127\" \/>\t\t\t\t\t\t<span class=\"aig-gallery-hover\">\n\t\t\t\t\t\t\t\t\t\t\t\t\t<\/span>\n\t\t\t\t\t\t\t\t\t\t\t<\/a>\n\t\t\t\t\t\t\t\t\t<\/div>\n\t\t\t<\/div>\n\t\t\t\t\t<div class=\"qode-aig-image qode-item-space\">\n\t\t\t\t<div class=\"qode-aig-image-inner\">\n\t\t\t\t\t\t\t\t\t\t\t<a itemprop=\"url\" class=\"qode-aig-custom-link\" href=\"http:\/\/www.solerjove.com\/\" target=\"_blank\" title=\"logos_soler-jove\">\n\t\t\t\t\t\t\t\t\t\t\t<img src=\"https:\/\/dxstands.com\/wp-content\/uploads\/2019\/04\/logos_soler-jove-200x127.png\" alt=\"\" width=\"200\" height=\"127\" \/>\t\t\t\t\t\t<span class=\"aig-gallery-hover\">\n\t\t\t\t\t\t\t\t\t\t\t\t\t<\/span>\n\t\t\t\t\t\t\t\t\t\t\t<\/a>\n\t\t\t\t\t\t\t\t\t<\/div>\n\t\t\t<\/div>\n\t\t\t\t\t<div class=\"qode-aig-image qode-item-space\">\n\t\t\t\t<div class=\"qode-aig-image-inner\">\n\t\t\t\t\t\t\t\t\t\t\t<a itemprop=\"url\" class=\"qode-aig-custom-link\" href=\"http:\/\/www.scharlab.com\/\" target=\"_blank\" title=\"logos_scharlab\">\n\t\t\t\t\t\t\t\t\t\t\t<img src=\"https:\/\/dxstands.com\/wp-content\/uploads\/2019\/04\/logos_scharlab-200x127.png\" alt=\"\" width=\"200\" height=\"127\" \/>\t\t\t\t\t\t<span class=\"aig-gallery-hover\">\n\t\t\t\t\t\t\t\t\t\t\t\t\t<\/span>\n\t\t\t\t\t\t\t\t\t\t\t<\/a>\n\t\t\t\t\t\t\t\t\t<\/div>\n\t\t\t<\/div>\n\t\t\t\t\t<div class=\"qode-aig-image qode-item-space\">\n\t\t\t\t<div class=\"qode-aig-image-inner\">\n\t\t\t\t\t\t\t\t\t\t\t<a itemprop=\"url\" class=\"qode-aig-custom-link\" href=\"http:\/\/es.sadipal.com\/\" target=\"_blank\" title=\"logos_sandipal\">\n\t\t\t\t\t\t\t\t\t\t\t<img src=\"https:\/\/dxstands.com\/wp-content\/uploads\/2019\/04\/logos_sandipal-200x127.png\" alt=\"\" width=\"200\" height=\"127\" \/>\t\t\t\t\t\t<span class=\"aig-gallery-hover\">\n\t\t\t\t\t\t\t\t\t\t\t\t\t<\/span>\n\t\t\t\t\t\t\t\t\t\t\t<\/a>\n\t\t\t\t\t\t\t\t\t<\/div>\n\t\t\t<\/div>\n\t\t\t\t\t<div class=\"qode-aig-image qode-item-space\">\n\t\t\t\t<div class=\"qode-aig-image-inner\">\n\t\t\t\t\t\t\t\t\t\t\t<a itemprop=\"url\" class=\"qode-aig-custom-link\" href=\"http:\/\/protecnia.net\/ca\/empresa-cat\/\" target=\"_blank\" title=\"logos_protecnia\">\n\t\t\t\t\t\t\t\t\t\t\t<img src=\"https:\/\/dxstands.com\/wp-content\/uploads\/2019\/04\/logos_protecnia-200x127.png\" alt=\"\" width=\"200\" height=\"127\" \/>\t\t\t\t\t\t<span class=\"aig-gallery-hover\">\n\t\t\t\t\t\t\t\t\t\t\t\t\t<\/span>\n\t\t\t\t\t\t\t\t\t\t\t<\/a>\n\t\t\t\t\t\t\t\t\t<\/div>\n\t\t\t<\/div>\n\t\t\t\t\t<div class=\"qode-aig-image qode-item-space\">\n\t\t\t\t<div class=\"qode-aig-image-inner\">\n\t\t\t\t\t\t\t\t\t\t\t<a itemprop=\"url\" class=\"qode-aig-custom-link\" href=\"https:\/\/www.maxcolchon.com\/\" target=\"_blank\" title=\"logos_maxcolchon\">\n\t\t\t\t\t\t\t\t\t\t\t<img src=\"https:\/\/dxstands.com\/wp-content\/uploads\/2019\/04\/logos_maxcolchon-200x127.png\" alt=\"\" width=\"200\" height=\"127\" \/>\t\t\t\t\t\t<span class=\"aig-gallery-hover\">\n\t\t\t\t\t\t\t\t\t\t\t\t\t<\/span>\n\t\t\t\t\t\t\t\t\t\t\t<\/a>\n\t\t\t\t\t\t\t\t\t<\/div>\n\t\t\t<\/div>\n\t\t\t\t\t<div class=\"qode-aig-image qode-item-space\">\n\t\t\t\t<div class=\"qode-aig-image-inner\">\n\t\t\t\t\t\t\t\t\t\t\t<a itemprop=\"url\" class=\"qode-aig-custom-link\" href=\"http:\/\/www.metral.com\/\" target=\"_blank\" title=\"logos_mentral\">\n\t\t\t\t\t\t\t\t\t\t\t<img src=\"https:\/\/dxstands.com\/wp-content\/uploads\/2019\/04\/logos_mentral-200x127.png\" alt=\"\" width=\"200\" height=\"127\" \/>\t\t\t\t\t\t<span class=\"aig-gallery-hover\">\n\t\t\t\t\t\t\t\t\t\t\t\t\t<\/span>\n\t\t\t\t\t\t\t\t\t\t\t<\/a>\n\t\t\t\t\t\t\t\t\t<\/div>\n\t\t\t<\/div>\n\t\t\t\t\t<div class=\"qode-aig-image qode-item-space\">\n\t\t\t\t<div class=\"qode-aig-image-inner\">\n\t\t\t\t\t\t\t\t\t\t\t<a itemprop=\"url\" class=\"qode-aig-custom-link\" href=\"http:\/\/www.logista.es\/es\/Paginas\/default.aspx\" target=\"_blank\" title=\"logos_logista\">\n\t\t\t\t\t\t\t\t\t\t\t<img src=\"https:\/\/dxstands.com\/wp-content\/uploads\/2019\/04\/logos_logista-200x127.png\" alt=\"\" width=\"200\" height=\"127\" \/>\t\t\t\t\t\t<span class=\"aig-gallery-hover\">\n\t\t\t\t\t\t\t\t\t\t\t\t\t<\/span>\n\t\t\t\t\t\t\t\t\t\t\t<\/a>\n\t\t\t\t\t\t\t\t\t<\/div>\n\t\t\t<\/div>\n\t\t\t\t\t<div class=\"qode-aig-image qode-item-space\">\n\t\t\t\t<div class=\"qode-aig-image-inner\">\n\t\t\t\t\t\t\t\t\t\t\t<a itemprop=\"url\" class=\"qode-aig-custom-link\" href=\"http:\/\/www.lsanvicente.com\/es\/\" target=\"_blank\" title=\"logos_lacteas\">\n\t\t\t\t\t\t\t\t\t\t\t<img src=\"https:\/\/dxstands.com\/wp-content\/uploads\/2019\/04\/logos_lacteas-200x127.png\" alt=\"\" width=\"200\" height=\"127\" \/>\t\t\t\t\t\t<span class=\"aig-gallery-hover\">\n\t\t\t\t\t\t\t\t\t\t\t\t\t<\/span>\n\t\t\t\t\t\t\t\t\t\t\t<\/a>\n\t\t\t\t\t\t\t\t\t<\/div>\n\t\t\t<\/div>\n\t\t\t\t\t<div class=\"qode-aig-image qode-item-space\">\n\t\t\t\t<div class=\"qode-aig-image-inner\">\n\t\t\t\t\t\t\t\t\t\t\t<a itemprop=\"url\" class=\"qode-aig-custom-link\" href=\"http:\/\/www.hnoscanals.com\/\" target=\"_blank\" title=\"logos_hermanos\">\n\t\t\t\t\t\t\t\t\t\t\t<img src=\"https:\/\/dxstands.com\/wp-content\/uploads\/2019\/04\/logos_hermanos-200x127.png\" alt=\"\" width=\"200\" height=\"127\" \/>\t\t\t\t\t\t<span class=\"aig-gallery-hover\">\n\t\t\t\t\t\t\t\t\t\t\t\t\t<\/span>\n\t\t\t\t\t\t\t\t\t\t\t<\/a>\n\t\t\t\t\t\t\t\t\t<\/div>\n\t\t\t<\/div>\n\t\t\t\t\t<div class=\"qode-aig-image qode-item-space\">\n\t\t\t\t<div class=\"qode-aig-image-inner\">\n\t\t\t\t\t\t\t\t\t\t\t<a itemprop=\"url\" class=\"qode-aig-custom-link\" href=\"https:\/\/esp.labbox.com\/\" target=\"_blank\" title=\"logos_labbox\">\n\t\t\t\t\t\t\t\t\t\t\t<img src=\"https:\/\/dxstands.com\/wp-content\/uploads\/2019\/04\/logos_labbox-200x127.png\" alt=\"\" width=\"200\" height=\"127\" \/>\t\t\t\t\t\t<span class=\"aig-gallery-hover\">\n\t\t\t\t\t\t\t\t\t\t\t\t\t<\/span>\n\t\t\t\t\t\t\t\t\t\t\t<\/a>\n\t\t\t\t\t\t\t\t\t<\/div>\n\t\t\t<\/div>\n\t\t\t\t\t<div class=\"qode-aig-image qode-item-space\">\n\t\t\t\t<div class=\"qode-aig-image-inner\">\n\t\t\t\t\t\t\t\t\t\t\t<a itemprop=\"url\" class=\"qode-aig-custom-link\" href=\"https:\/\/web.gencat.cat\/ca\/inici\/\" target=\"_blank\" title=\"logos_generalitat\">\n\t\t\t\t\t\t\t\t\t\t\t<img src=\"https:\/\/dxstands.com\/wp-content\/uploads\/2019\/04\/logos_generalitat-200x127.png\" alt=\"\" width=\"200\" height=\"127\" \/>\t\t\t\t\t\t<span class=\"aig-gallery-hover\">\n\t\t\t\t\t\t\t\t\t\t\t\t\t<\/span>\n\t\t\t\t\t\t\t\t\t\t\t<\/a>\n\t\t\t\t\t\t\t\t\t<\/div>\n\t\t\t<\/div>\n\t\t\t\t\t<div class=\"qode-aig-image qode-item-space\">\n\t\t\t\t<div class=\"qode-aig-image-inner\">\n\t\t\t\t\t\t\t\t\t\t\t<a itemprop=\"url\" class=\"qode-aig-custom-link\" href=\"https:\/\/fallprotec.es\/\" target=\"_blank\" title=\"logos_fallprotec\">\n\t\t\t\t\t\t\t\t\t\t\t<img src=\"https:\/\/dxstands.com\/wp-content\/uploads\/2019\/04\/logos_fallprotec-200x127.png\" alt=\"\" width=\"200\" height=\"127\" \/>\t\t\t\t\t\t<span class=\"aig-gallery-hover\">\n\t\t\t\t\t\t\t\t\t\t\t\t\t<\/span>\n\t\t\t\t\t\t\t\t\t\t\t<\/a>\n\t\t\t\t\t\t\t\t\t<\/div>\n\t\t\t<\/div>\n\t\t\t\t\t<div class=\"qode-aig-image qode-item-space\">\n\t\t\t\t<div class=\"qode-aig-image-inner\">\n\t\t\t\t\t\t\t\t\t\t\t<a itemprop=\"url\" class=\"qode-aig-custom-link\" href=\"http:\/\/finestraconfort.cat\/ca.html\" target=\"_blank\" title=\"logos_finestra\">\n\t\t\t\t\t\t\t\t\t\t\t<img src=\"https:\/\/dxstands.com\/wp-content\/uploads\/2019\/04\/logos_finestra-200x127.png\" alt=\"\" width=\"200\" height=\"127\" \/>\t\t\t\t\t\t<span class=\"aig-gallery-hover\">\n\t\t\t\t\t\t\t\t\t\t\t\t\t<\/span>\n\t\t\t\t\t\t\t\t\t\t\t<\/a>\n\t\t\t\t\t\t\t\t\t<\/div>\n\t\t\t<\/div>\n\t\t\t\t\t<div class=\"qode-aig-image qode-item-space\">\n\t\t\t\t<div class=\"qode-aig-image-inner\">\n\t\t\t\t\t\t\t\t\t\t\t<a itemprop=\"url\" class=\"qode-aig-custom-link\" href=\"https:\/\/cruma.es\/\" target=\"_blank\" title=\"logos-cruma\">\n\t\t\t\t\t\t\t\t\t\t\t<img src=\"https:\/\/dxstands.com\/wp-content\/uploads\/2019\/04\/logos-cruma-200x127.png\" alt=\"\" width=\"200\" height=\"127\" \/>\t\t\t\t\t\t<span class=\"aig-gallery-hover\">\n\t\t\t\t\t\t\t\t\t\t\t\t\t<\/span>\n\t\t\t\t\t\t\t\t\t\t\t<\/a>\n\t\t\t\t\t\t\t\t\t<\/div>\n\t\t\t<\/div>\n\t\t\t<\/div>\n<\/div>[vc_empty_space height=\u00bb50px\u00bb][\/vc_column][vc_column width=\u00bb1\/6&#8243;][\/vc_column][\/vc_row]<\/p>\n","protected":false},"excerpt":{"rendered":"<p>[vc_row css_animation=\u00bb\u00bb row_type=\u00bbrow\u00bb use_row_as_full_screen_section=\u00bbno\u00bb type=\u00bbfull_width\u00bb angled_section=\u00bbno\u00bb text_align=\u00bbleft\u00bb background_image_as_pattern=\u00bbwithout_pattern\u00bb][vc_column width=\u00bb1\/6&#8243;][\/vc_column][vc_column width=\u00bb1\/4&#8243;][vc_empty_space height=\u00bb70px\u00bb][vc_single_image image=\u00bb15943&#8243; img_size=\u00bbfull\u00bb qode_css_animation=\u00bb\u00bb][\/vc_column][vc_column width=\u00bb5\/12&#8243;][vc_empty_space height=\u00bb70px\u00bb][vc_column_text] Dise\u00f1o y construcci\u00f3n de stands [\/vc_column_text][vc_empty_space height=\u00bb14px\u00bb][vc_column_text]\u00bfQuieres asistir a una Feria del sector y no sabes por donde empezar? Des de 2005 a Disseny x Stands llevamos a clientes&#8230;<\/p>\n","protected":false},"author":1,"featured_media":0,"parent":0,"menu_order":0,"comment_status":"closed","ping_status":"closed","template":"","meta":[],"yoast_head":"<!-- This site is optimized with the Yoast SEO plugin v19.7.1 - https:\/\/yoast.com\/wordpress\/plugins\/seo\/ -->\n<title>Servicios - Dissenysxstands<\/title>\n<meta name=\"robots\" content=\"index, follow, max-snippet:-1, max-image-preview:large, max-video-preview:-1\" \/>\n<link rel=\"canonical\" href=\"https:\/\/dxstands.com\/es\/serveis\/\" \/>\n<meta property=\"og:locale\" content=\"es_ES\" \/>\n<meta property=\"og:type\" content=\"article\" \/>\n<meta property=\"og:title\" content=\"Servicios - Dissenysxstands\" \/>\n<meta property=\"og:description\" content=\"[vc_row css_animation=\u00bb\u00bb row_type=\u00bbrow\u00bb use_row_as_full_screen_section=\u00bbno\u00bb type=\u00bbfull_width\u00bb angled_section=\u00bbno\u00bb text_align=\u00bbleft\u00bb background_image_as_pattern=\u00bbwithout_pattern\u00bb][vc_column width=\u00bb1\/6&#8243;][\/vc_column][vc_column width=\u00bb1\/4&#8243;][vc_empty_space height=\u00bb70px\u00bb][vc_single_image image=\u00bb15943&#8243; img_size=\u00bbfull\u00bb qode_css_animation=\u00bb\u00bb][\/vc_column][vc_column width=\u00bb5\/12&#8243;][vc_empty_space height=\u00bb70px\u00bb][vc_column_text] Dise\u00f1o y construcci\u00f3n de stands [\/vc_column_text][vc_empty_space height=\u00bb14px\u00bb][vc_column_text]\u00bfQuieres asistir a una Feria del sector y no sabes por donde empezar? Des de 2005 a Disseny x Stands llevamos a clientes...\" \/>\n<meta property=\"og:url\" content=\"https:\/\/dxstands.com\/es\/serveis\/\" \/>\n<meta property=\"og:site_name\" content=\"Dissenysxstands\" \/>\n<meta property=\"article:modified_time\" content=\"2019-07-31T15:03:39+00:00\" \/>\n<meta name=\"twitter:card\" content=\"summary_large_image\" \/>\n<meta name=\"twitter:label1\" content=\"Tiempo de lectura\" \/>\n\t<meta name=\"twitter:data1\" content=\"4 minutos\" \/>\n<script type=\"application\/ld+json\" class=\"yoast-schema-graph\">{\"@context\":\"https:\/\/schema.org\",\"@graph\":[{\"@type\":\"WebPage\",\"@id\":\"https:\/\/dxstands.com\/es\/serveis\/\",\"url\":\"https:\/\/dxstands.com\/es\/serveis\/\",\"name\":\"Servicios - Dissenysxstands\",\"isPartOf\":{\"@id\":\"https:\/\/dxstands.com\/#website\"},\"datePublished\":\"2019-04-16T11:37:42+00:00\",\"dateModified\":\"2019-07-31T15:03:39+00:00\",\"breadcrumb\":{\"@id\":\"https:\/\/dxstands.com\/es\/serveis\/#breadcrumb\"},\"inLanguage\":\"es\",\"potentialAction\":[{\"@type\":\"ReadAction\",\"target\":[\"https:\/\/dxstands.com\/es\/serveis\/\"]}]},{\"@type\":\"BreadcrumbList\",\"@id\":\"https:\/\/dxstands.com\/es\/serveis\/#breadcrumb\",\"itemListElement\":[{\"@type\":\"ListItem\",\"position\":1,\"name\":\"Portada\",\"item\":\"https:\/\/dxstands.com\/es\/\"},{\"@type\":\"ListItem\",\"position\":2,\"name\":\"Servicios\"}]},{\"@type\":\"WebSite\",\"@id\":\"https:\/\/dxstands.com\/#website\",\"url\":\"https:\/\/dxstands.com\/\",\"name\":\"Dissenysxstands\",\"description\":\"\",\"publisher\":{\"@id\":\"https:\/\/dxstands.com\/#organization\"},\"potentialAction\":[{\"@type\":\"SearchAction\",\"target\":{\"@type\":\"EntryPoint\",\"urlTemplate\":\"https:\/\/dxstands.com\/?s={search_term_string}\"},\"query-input\":\"required name=search_term_string\"}],\"inLanguage\":\"es\"},{\"@type\":\"Organization\",\"@id\":\"https:\/\/dxstands.com\/#organization\",\"name\":\"Disseny x Stands\",\"url\":\"https:\/\/dxstands.com\/\",\"sameAs\":[],\"logo\":{\"@type\":\"ImageObject\",\"inLanguage\":\"es\",\"@id\":\"https:\/\/dxstands.com\/#\/schema\/logo\/image\/\",\"url\":\"https:\/\/dxstands.com\/wp-content\/uploads\/2019\/06\/Logos-DxS-VilaVinil-transparent-GRAN.png\",\"contentUrl\":\"https:\/\/dxstands.com\/wp-content\/uploads\/2019\/06\/Logos-DxS-VilaVinil-transparent-GRAN.png\",\"width\":2551,\"height\":864,\"caption\":\"Disseny x Stands\"},\"image\":{\"@id\":\"https:\/\/dxstands.com\/#\/schema\/logo\/image\/\"}}]}<\/script>\n<!-- \/ Yoast SEO plugin. -->","yoast_head_json":{"title":"Servicios - Dissenysxstands","robots":{"index":"index","follow":"follow","max-snippet":"max-snippet:-1","max-image-preview":"max-image-preview:large","max-video-preview":"max-video-preview:-1"},"canonical":"https:\/\/dxstands.com\/es\/serveis\/","og_locale":"es_ES","og_type":"article","og_title":"Servicios - Dissenysxstands","og_description":"[vc_row css_animation=\u00bb\u00bb row_type=\u00bbrow\u00bb use_row_as_full_screen_section=\u00bbno\u00bb type=\u00bbfull_width\u00bb angled_section=\u00bbno\u00bb text_align=\u00bbleft\u00bb background_image_as_pattern=\u00bbwithout_pattern\u00bb][vc_column width=\u00bb1\/6&#8243;][\/vc_column][vc_column width=\u00bb1\/4&#8243;][vc_empty_space height=\u00bb70px\u00bb][vc_single_image image=\u00bb15943&#8243; img_size=\u00bbfull\u00bb qode_css_animation=\u00bb\u00bb][\/vc_column][vc_column width=\u00bb5\/12&#8243;][vc_empty_space height=\u00bb70px\u00bb][vc_column_text] Dise\u00f1o y construcci\u00f3n de stands [\/vc_column_text][vc_empty_space height=\u00bb14px\u00bb][vc_column_text]\u00bfQuieres asistir a una Feria del sector y no sabes por donde empezar? Des de 2005 a Disseny x Stands llevamos a clientes...","og_url":"https:\/\/dxstands.com\/es\/serveis\/","og_site_name":"Dissenysxstands","article_modified_time":"2019-07-31T15:03:39+00:00","twitter_card":"summary_large_image","twitter_misc":{"Tiempo de lectura":"4 minutos"},"schema":{"@context":"https:\/\/schema.org","@graph":[{"@type":"WebPage","@id":"https:\/\/dxstands.com\/es\/serveis\/","url":"https:\/\/dxstands.com\/es\/serveis\/","name":"Servicios - Dissenysxstands","isPartOf":{"@id":"https:\/\/dxstands.com\/#website"},"datePublished":"2019-04-16T11:37:42+00:00","dateModified":"2019-07-31T15:03:39+00:00","breadcrumb":{"@id":"https:\/\/dxstands.com\/es\/serveis\/#breadcrumb"},"inLanguage":"es","potentialAction":[{"@type":"ReadAction","target":["https:\/\/dxstands.com\/es\/serveis\/"]}]},{"@type":"BreadcrumbList","@id":"https:\/\/dxstands.com\/es\/serveis\/#breadcrumb","itemListElement":[{"@type":"ListItem","position":1,"name":"Portada","item":"https:\/\/dxstands.com\/es\/"},{"@type":"ListItem","position":2,"name":"Servicios"}]},{"@type":"WebSite","@id":"https:\/\/dxstands.com\/#website","url":"https:\/\/dxstands.com\/","name":"Dissenysxstands","description":"","publisher":{"@id":"https:\/\/dxstands.com\/#organization"},"potentialAction":[{"@type":"SearchAction","target":{"@type":"EntryPoint","urlTemplate":"https:\/\/dxstands.com\/?s={search_term_string}"},"query-input":"required name=search_term_string"}],"inLanguage":"es"},{"@type":"Organization","@id":"https:\/\/dxstands.com\/#organization","name":"Disseny x Stands","url":"https:\/\/dxstands.com\/","sameAs":[],"logo":{"@type":"ImageObject","inLanguage":"es","@id":"https:\/\/dxstands.com\/#\/schema\/logo\/image\/","url":"https:\/\/dxstands.com\/wp-content\/uploads\/2019\/06\/Logos-DxS-VilaVinil-transparent-GRAN.png","contentUrl":"https:\/\/dxstands.com\/wp-content\/uploads\/2019\/06\/Logos-DxS-VilaVinil-transparent-GRAN.png","width":2551,"height":864,"caption":"Disseny x Stands"},"image":{"@id":"https:\/\/dxstands.com\/#\/schema\/logo\/image\/"}}]}},"_links":{"self":[{"href":"https:\/\/dxstands.com\/es\/wp-json\/wp\/v2\/pages\/17246"}],"collection":[{"href":"https:\/\/dxstands.com\/es\/wp-json\/wp\/v2\/pages"}],"about":[{"href":"https:\/\/dxstands.com\/es\/wp-json\/wp\/v2\/types\/page"}],"author":[{"embeddable":true,"href":"https:\/\/dxstands.com\/es\/wp-json\/wp\/v2\/users\/1"}],"replies":[{"embeddable":true,"href":"https:\/\/dxstands.com\/es\/wp-json\/wp\/v2\/comments?post=17246"}],"version-history":[{"count":7,"href":"https:\/\/dxstands.com\/es\/wp-json\/wp\/v2\/pages\/17246\/revisions"}],"predecessor-version":[{"id":17303,"href":"https:\/\/dxstands.com\/es\/wp-json\/wp\/v2\/pages\/17246\/revisions\/17303"}],"wp:attachment":[{"href":"https:\/\/dxstands.com\/es\/wp-json\/wp\/v2\/media?parent=17246"}],"curies":[{"name":"wp","href":"https:\/\/api.w.org\/{rel}","templated":true}]}}